{"id":1079,"date":"2026-02-19T09:03:07","date_gmt":"2026-02-19T08:03:07","guid":{"rendered":"https:\/\/2026.alliumrestaurant.se\/?page_id=1079"},"modified":"2026-03-28T10:28:48","modified_gmt":"2026-03-28T09:28:48","slug":"careers","status":"publish","type":"page","link":"https:\/\/alliumrestaurant.se\/sv\/careers\/","title":{"rendered":"Jobba med oss"},"content":{"rendered":"<p><p>Restaurant Allium tar form p\u00e5 Rosenhult g\u00e5rd, mellan \u00e4ppelodling och uppvuxen l\u00f6vskog. D\u00e4r landskapet, \u00e5rstiderna och de lokala producenterna v\u00e4gleder allt vi g\u00f6r. Nu s\u00f6ker vi personer som vill vara med och bygga upp n\u00e5got fr\u00e5n grunden!<\/p><p>Vi s\u00f6ker kollegor som brinner f\u00f6r bra r\u00e5varor, gediget hantverk och genuint v\u00e4rdskap. P\u00e5 Allium \u00e4r arbetet praktiskt, atmosf\u00e4ren varm och kopplingen till regionen alltid n\u00e4rvarande-fr\u00e5n k\u00f6ket till matsalen.<\/p><\/p>\n\n\n<p>Vi s\u00f6ker:<\/p>\n\n\n\n<ul class=\"wp-block-list\">\n<li><span style=\"font-size: revert;\">Kockar som uppskattar s\u00e4songsbetonad, r\u00e5varudriven mat<\/span><\/li>\n\n\n\n<li><span style=\"font-size: revert;\">Serveringspersonal med stark k\u00e4nsla f\u00f6r v\u00e4rdskap och \u00f6ga f\u00f6r detaljer<\/span><\/li>\n\n\n\n<li><span style=\"font-size: revert;\">Personer som \u00e4r nyfikna, p\u00e5litliga och trivs med att arbeta i ett litet, engagerat team<\/span><\/li>\n<\/ul>\n\n\n\n<p>Vi erbjuder:<\/p>\n\n\n\n<ul class=\"wp-block-list\">\n<li>En arbetsplats formad av \u00e5rstidernas rytm\u2028<\/li>\n\n\n\n<li>N\u00e4ra samarbete med lokala odlare, samlare och producenter\u2028<\/li>\n\n\n\n<li>M\u00f6jlighet att p\u00e5verka och utveckla en ny restaurang fr\u00e5n allra f\u00f6rsta dagen\u2028<\/li>\n\n\n\n<li>En v\u00e4nlig och respektfull milj\u00f6 d\u00e4r allas insats \u00e4r v\u00e4rdefull<\/li>\n<\/ul>\n\n\n<p><!-- wp:Array \/--><\/p>\n\n\n<p>Vill du vara med p\u00e5 Alliums resa n\u00e4r vi v\u00e4xer, skriv ett mejl och ber\u00e4tta lite om dig sj\u00e4lv.\nHoppas vi h\u00f6rs snart!<\/p>\n\n\n\n<p>Andr\u00e9 &amp; Titti<\/p>","protected":false},"excerpt":{"rendered":"<p>Allium is taking shape in Rosenhult, on the grounds of an old apple farm where the landscape, the seasons, and the local producers guide everything we do. As we prepare to open, we\u2019re looking for people who want to be part of building something from the ground up. We\u2019re searching for colleagues who care about [&hellip;]<\/p>\n","protected":false},"author":1,"featured_media":1301,"parent":0,"menu_order":0,"comment_status":"closed","ping_status":"closed","template":"","meta":{"footnotes":""},"visa":[],"class_list":["post-1079","page","type-page","status-publish","has-post-thumbnail","hentry"],"_links":{"self":[{"href":"https:\/\/alliumrestaurant.se\/sv\/wp-json\/wp\/v2\/pages\/1079","targetHints":{"allow":["GET"]}}],"collection":[{"href":"https:\/\/alliumrestaurant.se\/sv\/wp-json\/wp\/v2\/pages"}],"about":[{"href":"https:\/\/alliumrestaurant.se\/sv\/wp-json\/wp\/v2\/types\/page"}],"author":[{"embeddable":true,"href":"https:\/\/alliumrestaurant.se\/sv\/wp-json\/wp\/v2\/users\/1"}],"replies":[{"embeddable":true,"href":"https:\/\/alliumrestaurant.se\/sv\/wp-json\/wp\/v2\/comments?post=1079"}],"version-history":[{"count":17,"href":"https:\/\/alliumrestaurant.se\/sv\/wp-json\/wp\/v2\/pages\/1079\/revisions"}],"predecessor-version":[{"id":1430,"href":"https:\/\/alliumrestaurant.se\/sv\/wp-json\/wp\/v2\/pages\/1079\/revisions\/1430"}],"wp:featuredmedia":[{"embeddable":true,"href":"https:\/\/alliumrestaurant.se\/sv\/wp-json\/wp\/v2\/media\/1301"}],"wp:attachment":[{"href":"https:\/\/alliumrestaurant.se\/sv\/wp-json\/wp\/v2\/media?parent=1079"}],"wp:term":[{"taxonomy":"visa","embeddable":true,"href":"https:\/\/alliumrestaurant.se\/sv\/wp-json\/wp\/v2\/visa?post=1079"}],"curies":[{"name":"wp","href":"https:\/\/api.w.org\/{rel}","templated":true}]}}