{"id":1236,"date":"2026-02-24T09:39:05","date_gmt":"2026-02-24T08:39:05","guid":{"rendered":"https:\/\/2026.alliumrestaurant.se\/?page_id=1236"},"modified":"2026-04-01T13:44:28","modified_gmt":"2026-04-01T11:44:28","slug":"articles","status":"publish","type":"page","link":"https:\/\/alliumrestaurant.se\/sv\/articles\/","title":{"rendered":"Artiklar"},"content":{"rendered":"<p><a href=\"https:\/\/www.falstaff.com\/nordics\/news\/titti-qvarnstroem-is-building-allium-as-a-destination-in-its-own-right\"><strong>Falstaff &#8211;<\/strong> Titti Qvarnstr\u00f6m is building \u201cAllium\u201d as a destination in its own right<\/a><\/p>\n\n\n\n<p><a href=\"https:\/\/www.foodnet.se\/article\/view\/1207736\/historisk_kock_bygger_restaurang_fran_grunden_siktar_pa_ny_stjarna\"><strong>Foodnet &#8211; <\/strong>Historisk kock bygger restaurang fr\u00e5n grunden \u2013 siktar p\u00e5 ny stj\u00e4rna<\/a><\/p>\n\n\n\n<p><a href=\"https:\/\/www.hd.se\/bastad\/landets-forsta-kvinnliga-michelin-kock-bygger-matdestination-i-forslov\/\"><strong>HD <\/strong>&#8211; Landets f\u00f6rsta kvinnliga Michelin-kock bygger matdestination i F\u00f6rsl\u00f6v<\/a><\/p>\n\n\n\n<p><a href=\"https:\/\/bjarenu.se\/forslov\/titti-bygger-sin-matdrom-i-forslov-ett-gastronomiskt-aventyr\/8599\" data-type=\"link\" data-id=\"https:\/\/bjarenu.se\/forslov\/titti-bygger-sin-matdrom-i-forslov-ett-gastronomiskt-aventyr\/8599\"><strong>Bj\u00e4re Nu<\/strong> &#8211; Titti bygger sin matdr\u00f6m i F\u00f6rsl\u00f6v: &#8220;Ett gastronomiskt \u00e4ventyr<\/a><\/p>\n\n\n\n<p><\/p>","protected":false},"excerpt":{"rendered":"<p>Falstaff &#8211; Titti Qvarnstr\u00f6m is building \u201cAllium\u201d as a destination in its own right Foodnet &#8211; Historisk kock bygger restaurang fr\u00e5n grunden \u2013 siktar p\u00e5 ny stj\u00e4rna HD &#8211; Landets f\u00f6rsta kvinnliga Michelin-kock bygger matdestination i F\u00f6rsl\u00f6v Bj\u00e4re Nu &#8211; Titti bygger sin matdr\u00f6m i F\u00f6rsl\u00f6v: &#8220;Ett gastronomiskt \u00e4ventyr<\/p>","protected":false},"author":1,"featured_media":1125,"parent":0,"menu_order":0,"comment_status":"closed","ping_status":"closed","template":"","meta":{"footnotes":""},"visa":[],"class_list":["post-1236","page","type-page","status-publish","has-post-thumbnail","hentry"],"_links":{"self":[{"href":"https:\/\/alliumrestaurant.se\/sv\/wp-json\/wp\/v2\/pages\/1236","targetHints":{"allow":["GET"]}}],"collection":[{"href":"https:\/\/alliumrestaurant.se\/sv\/wp-json\/wp\/v2\/pages"}],"about":[{"href":"https:\/\/alliumrestaurant.se\/sv\/wp-json\/wp\/v2\/types\/page"}],"author":[{"embeddable":true,"href":"https:\/\/alliumrestaurant.se\/sv\/wp-json\/wp\/v2\/users\/1"}],"replies":[{"embeddable":true,"href":"https:\/\/alliumrestaurant.se\/sv\/wp-json\/wp\/v2\/comments?post=1236"}],"version-history":[{"count":10,"href":"https:\/\/alliumrestaurant.se\/sv\/wp-json\/wp\/v2\/pages\/1236\/revisions"}],"predecessor-version":[{"id":1433,"href":"https:\/\/alliumrestaurant.se\/sv\/wp-json\/wp\/v2\/pages\/1236\/revisions\/1433"}],"wp:featuredmedia":[{"embeddable":true,"href":"https:\/\/alliumrestaurant.se\/sv\/wp-json\/wp\/v2\/media\/1125"}],"wp:attachment":[{"href":"https:\/\/alliumrestaurant.se\/sv\/wp-json\/wp\/v2\/media?parent=1236"}],"wp:term":[{"taxonomy":"visa","embeddable":true,"href":"https:\/\/alliumrestaurant.se\/sv\/wp-json\/wp\/v2\/visa?post=1236"}],"curies":[{"name":"wp","href":"https:\/\/api.w.org\/{rel}","templated":true}]}}