{"id":7,"date":"2026-02-03T13:23:31","date_gmt":"2026-02-03T12:23:31","guid":{"rendered":"https:\/\/dev.vollmerskagarden.se\/?page_id=7"},"modified":"2026-03-24T19:38:56","modified_gmt":"2026-03-24T18:38:56","slug":"home","status":"publish","type":"page","link":"https:\/\/alliumrestaurant.se\/sv\/","title":{"rendered":"Allium Restaurang | Allium Restaurant"},"content":{"rendered":"<h2 class=\"wp-block-heading\">Hitta hit<\/h2>\n\nRosenhult <br>Bokesliden 80 <br>269 71 F\u00f6rsl\u00f6v\n\n<div class=\"wp-block-buttons is-layout-flex wp-block-buttons-is-layout-flex\"><div class=\"wp-block-button\"><a class=\"wp-block-button__link\">Apple maps<\/a><\/div><\/div>\n\n<p>Restaurangen h\u00e5ller fortfarande p\u00e5 att ta form, men snart sl\u00e5r vi upp d\u00f6rrarna. Och n\u00e4r vi g\u00f6r det, st\u00e5r Allium redo att v\u00e4lkomna dig.<\/p>\n\n<h1 class=\"wp-block-heading\">V\u00e4lkommen till Allium<\/h1>\n\n<figure class=\"wp-block-image size-full\"><img decoding=\"async\" src=\"https:\/\/alliumrestaurant.se\/wp-content\/uploads\/allium_logo_vit_500.webp\" class=\"wp-image-1308\" width=\"150\" srcset=\"https:\/\/alliumrestaurant.se\/wp-content\/uploads\/allium_logo_vit_500.webp 500w, https:\/\/alliumrestaurant.se\/wp-content\/uploads\/allium_logo_vit_500-300x261.webp 300w, https:\/\/alliumrestaurant.se\/wp-content\/uploads\/allium_logo_vit_500-14x12.webp 14w\" sizes=\"(max-width: 500px) 100vw, 500px\" \/><\/figure>\n\n<p>P\u00e5 Allium formar Andr\u00e9 och Titti Qvarnstr\u00f6m en filosofi byggd p\u00e5 nyfikenhet, hantverksskicklighet och en vilja att erbjuda g\u00e4sterna mer \u00e4n en traditionell restaurangupplevelse.<\/p>\n<p>Ett bes\u00f6k p\u00e5 Allium \u00e4r t\u00e4nkt att vara en resa \u2013 ett mat\u00e4ventyr d\u00e4r det f\u00f6rv\u00e4ntade m\u00f6ter det ov\u00e4ntade och d\u00e4r konventioner utmanas med eftertanke.<\/p>\n\n<p>Allium bygger p\u00e5 en enkel grund n\u00e4mligen, genomt\u00e4nkt matlagning, r\u00e5varor i s\u00e4song och en n\u00e4ra relation till lokala odlare, samlare och b\u00f6nder. Menyn f\u00f6ljer regionens rytm och formas av vad landskapet erbjuder f\u00f6r stunden.<\/p>\n\n<figure class=\"wp-block-image size-large\"><img loading=\"lazy\" decoding=\"async\" width=\"1024\" height=\"550\" src=\"https:\/\/alliumrestaurant.se\/wp-content\/uploads\/allium_stengarde-1024x550.webp\" class=\"wp-image-1323\" srcset=\"https:\/\/alliumrestaurant.se\/wp-content\/uploads\/allium_stengarde-1024x550.webp 1024w, https:\/\/alliumrestaurant.se\/wp-content\/uploads\/allium_stengarde-300x161.webp 300w, https:\/\/alliumrestaurant.se\/wp-content\/uploads\/allium_stengarde-768x412.webp 768w, https:\/\/alliumrestaurant.se\/wp-content\/uploads\/allium_stengarde-18x10.webp 18w, https:\/\/alliumrestaurant.se\/wp-content\/uploads\/allium_stengarde-600x322.webp 600w, https:\/\/alliumrestaurant.se\/wp-content\/uploads\/allium_stengarde.webp 1200w\" sizes=\"auto, (max-width: 1024px) 100vw, 1024px\" \/><\/figure>\n\n<figure class=\"wp-block-image size-full\"><img loading=\"lazy\" decoding=\"async\" width=\"1200\" height=\"680\" src=\"https:\/\/alliumrestaurant.se\/wp-content\/uploads\/allium_trad.webp\" class=\"wp-image-1320\" srcset=\"https:\/\/alliumrestaurant.se\/wp-content\/uploads\/allium_trad.webp 1200w, https:\/\/alliumrestaurant.se\/wp-content\/uploads\/allium_trad-300x170.webp 300w, https:\/\/alliumrestaurant.se\/wp-content\/uploads\/allium_trad-1024x580.webp 1024w, https:\/\/alliumrestaurant.se\/wp-content\/uploads\/allium_trad-768x435.webp 768w, https:\/\/alliumrestaurant.se\/wp-content\/uploads\/allium_trad-18x10.webp 18w, https:\/\/alliumrestaurant.se\/wp-content\/uploads\/allium_trad-600x340.webp 600w\" sizes=\"auto, (max-width: 1200px) 100vw, 1200px\" \/><\/figure>\n\n<p>\u00d6ppnar snart. F\u00f6r tidiga f\u00f6rfr\u00e5gningar, mejla info@alliumrestaurant.se. <a href=\"mailto:info@alliumrestaurant.se\">info@alliumrestaurant.se<\/a><\/p>\n\n<h2 class=\"wp-block-heading\">Reservera<\/h2>\n\n<h2 class=\"wp-block-heading\">Menyn<\/h2>\n\n<h2 class=\"wp-block-heading\">Om Allium<\/h2>\n\n<figure class=\"wp-block-image size-full\"><img loading=\"lazy\" decoding=\"async\" width=\"1400\" height=\"952\" src=\"https:\/\/alliumrestaurant.se\/wp-content\/uploads\/allium_svamp.webp\" class=\"wp-image-1317\" srcset=\"https:\/\/alliumrestaurant.se\/wp-content\/uploads\/allium_svamp.webp 1400w, https:\/\/alliumrestaurant.se\/wp-content\/uploads\/allium_svamp-300x204.webp 300w, https:\/\/alliumrestaurant.se\/wp-content\/uploads\/allium_svamp-1024x696.webp 1024w, https:\/\/alliumrestaurant.se\/wp-content\/uploads\/allium_svamp-768x522.webp 768w, https:\/\/alliumrestaurant.se\/wp-content\/uploads\/allium_svamp-18x12.webp 18w, https:\/\/alliumrestaurant.se\/wp-content\/uploads\/allium_svamp-1200x816.webp 1200w, https:\/\/alliumrestaurant.se\/wp-content\/uploads\/allium_svamp-600x408.webp 600w\" sizes=\"auto, (max-width: 1400px) 100vw, 1400px\" \/><\/figure>\n\n<div class=\"wp-block-buttons is-layout-flex wp-block-buttons-is-layout-flex\"><div class=\"wp-block-button\"><a class=\"wp-block-button__link\">Google maps<\/a><\/div><\/div>\n\n<figure class=\"wp-block-image size-large\"><img loading=\"lazy\" decoding=\"async\" width=\"1024\" height=\"773\" src=\"https:\/\/alliumrestaurant.se\/wp-content\/uploads\/allium_hero-1024x773.webp\" class=\"wp-image-1345\" srcset=\"https:\/\/alliumrestaurant.se\/wp-content\/uploads\/allium_hero-1024x773.webp 1024w, https:\/\/alliumrestaurant.se\/wp-content\/uploads\/allium_hero-300x227.webp 300w, https:\/\/alliumrestaurant.se\/wp-content\/uploads\/allium_hero-768x580.webp 768w, https:\/\/alliumrestaurant.se\/wp-content\/uploads\/allium_hero-16x12.webp 16w, https:\/\/alliumrestaurant.se\/wp-content\/uploads\/allium_hero-1200x906.webp 1200w, https:\/\/alliumrestaurant.se\/wp-content\/uploads\/allium_hero-600x453.webp 600w, https:\/\/alliumrestaurant.se\/wp-content\/uploads\/allium_hero.webp 1500w\" sizes=\"auto, (max-width: 1024px) 100vw, 1024px\" \/><\/figure>","protected":false},"excerpt":{"rendered":"<p>Find us Rosenhult Bokesliden 80 269 71 F\u00f6rsl\u00f6v The restaurant is still in the making, but soon the doors will open. And when they do, Allium will be ready to welcome you. Welcome to Allium At Allium, Andr\u00e9 and Titti Qvarnstr\u00f6m are shaping a philosophy built on curiosity, craftsmanship, and a desire to offer guests [&hellip;]<\/p>\n","protected":false},"author":1,"featured_media":0,"parent":0,"menu_order":0,"comment_status":"closed","ping_status":"closed","template":"","meta":{"footnotes":""},"visa":[],"class_list":["post-7","page","type-page","status-publish","hentry"],"_links":{"self":[{"href":"https:\/\/alliumrestaurant.se\/sv\/wp-json\/wp\/v2\/pages\/7","targetHints":{"allow":["GET"]}}],"collection":[{"href":"https:\/\/alliumrestaurant.se\/sv\/wp-json\/wp\/v2\/pages"}],"about":[{"href":"https:\/\/alliumrestaurant.se\/sv\/wp-json\/wp\/v2\/types\/page"}],"author":[{"embeddable":true,"href":"https:\/\/alliumrestaurant.se\/sv\/wp-json\/wp\/v2\/users\/1"}],"replies":[{"embeddable":true,"href":"https:\/\/alliumrestaurant.se\/sv\/wp-json\/wp\/v2\/comments?post=7"}],"version-history":[{"count":100,"href":"https:\/\/alliumrestaurant.se\/sv\/wp-json\/wp\/v2\/pages\/7\/revisions"}],"predecessor-version":[{"id":1407,"href":"https:\/\/alliumrestaurant.se\/sv\/wp-json\/wp\/v2\/pages\/7\/revisions\/1407"}],"wp:attachment":[{"href":"https:\/\/alliumrestaurant.se\/sv\/wp-json\/wp\/v2\/media?parent=7"}],"wp:term":[{"taxonomy":"visa","embeddable":true,"href":"https:\/\/alliumrestaurant.se\/sv\/wp-json\/wp\/v2\/visa?post=7"}],"curies":[{"name":"wp","href":"https:\/\/api.w.org\/{rel}","templated":true}]}}